{"id":69,"date":"2015-09-12T20:17:12","date_gmt":"2015-09-12T20:17:12","guid":{"rendered":"http:\/\/fifpkgld66ad.az.pl\/wp\/?page_id=69"},"modified":"2015-10-02T17:01:19","modified_gmt":"2015-10-02T17:01:19","slug":"w-pamieci-przyjaciol","status":"publish","type":"page","link":"https:\/\/www.janbartys.pl\/index.php\/w-pamieci-przyjaciol\/","title":{"rendered":"W pami\u0119ci przyjaci\u00f3\u0142"},"content":{"rendered":"<p><a href=\"https:\/\/www.janbartys.pl\/?p=269\">Ani\u015bka<\/a><\/p>\n<p><a href=\"https:\/\/www.janbartys.pl\/?p=258\">Jerzy<\/a><\/p>\n<p><a href=\"https:\/\/www.janbartys.pl\/?p=246\">Umieranie<\/a><\/p>\n","protected":false},"excerpt":{"rendered":"<p>Ani\u015bka Jerzy Umieranie<\/p>\n","protected":false},"author":1,"featured_media":0,"parent":0,"menu_order":0,"comment_status":"closed","ping_status":"closed","template":"template-nosidebar.php","meta":{"footnotes":""},"_links":{"self":[{"href":"https:\/\/www.janbartys.pl\/index.php\/wp-json\/wp\/v2\/pages\/69"}],"collection":[{"href":"https:\/\/www.janbartys.pl\/index.php\/wp-json\/wp\/v2\/pages"}],"about":[{"href":"https:\/\/www.janbartys.pl\/index.php\/wp-json\/wp\/v2\/types\/page"}],"author":[{"embeddable":true,"href":"https:\/\/www.janbartys.pl\/index.php\/wp-json\/wp\/v2\/users\/1"}],"replies":[{"embeddable":true,"href":"https:\/\/www.janbartys.pl\/index.php\/wp-json\/wp\/v2\/comments?post=69"}],"version-history":[{"count":22,"href":"https:\/\/www.janbartys.pl\/index.php\/wp-json\/wp\/v2\/pages\/69\/revisions"}],"predecessor-version":[{"id":276,"href":"https:\/\/www.janbartys.pl\/index.php\/wp-json\/wp\/v2\/pages\/69\/revisions\/276"}],"wp:attachment":[{"href":"https:\/\/www.janbartys.pl\/index.php\/wp-json\/wp\/v2\/media?parent=69"}],"curies":[{"name":"wp","href":"https:\/\/api.w.org\/{rel}","templated":true}]}}