{"id":291,"date":"2015-11-15T21:29:14","date_gmt":"2015-11-15T21:29:14","guid":{"rendered":"http:\/\/www.janbartys.pl\/?page_id=291"},"modified":"2015-11-15T21:29:14","modified_gmt":"2015-11-15T21:29:14","slug":"list-przyjaciela","status":"publish","type":"page","link":"https:\/\/www.janbartys.pl\/index.php\/w-pamieci-przyjaciol\/list-przyjaciela\/","title":{"rendered":"List przyjaciela"},"content":{"rendered":"<p><span style=\"font-weight: 400;\">11 listopada 2015<\/span><\/p>\n<p>&nbsp;<\/p>\n<p><span style=\"font-weight: 400;\">Jasiu Kochany!<\/span><\/p>\n<p><span style=\"font-weight: 400;\">Po raz pierwszy pisz\u0119 do kogo\u015b, kogo nie ma fizycznie w\u015br\u00f3d nas.<\/span><\/p>\n<p><span style=\"font-weight: 400;\">To ju\u017c druga jesie\u0144 bez Ciebie. Te weso\u0142e pi\u0105tki przy winku pe\u0142ne najrozmaitszych wizji na rozwi\u0105zywanie naszych \u017cyciowych problem\u00f3w pozosta\u0142y wspomnieniami.<\/span><\/p>\n<p><span style=\"font-weight: 400;\">A dzia\u0142o si\u0119 to przez p\u00f3\u0142 wieku.<\/span><\/p>\n<p><span style=\"font-weight: 400;\">Pojawi\u0142a si\u0119 jaka\u015b pustka w moim \u017cyciu. \u017baden z moich koleg\u00f3w Ci\u0119 nie zast\u0105pi.<\/span><\/p>\n<p><span style=\"font-weight: 400;\">Mia\u0142e\u015b w sobie pot\u0119\u017cn\u0105 si\u0142\u0119 \u017cycia, s\u0142u\u017cy\u0142e\u015b mi i moim bliskim wieloma radami, kt\u00f3re pomaga\u0142y mi wielokrotnie. Dzi\u0119ki Tobie pozna\u0142em wiele interesuj\u0105cych os\u00f3b. Jestem Ci za to wszystko bardzo wdzi\u0119czny i nigdy tych wsp\u00f3lnych, ciekawie sp\u0119dzonych chwil nie zapomn\u0119.<\/span><\/p>\n<p><span style=\"font-weight: 400;\">K\u0142\u00f3cili\u015bmy si\u0119, \u015bmiali\u015bmy si\u0119, czas mija\u0142 bardzo szybko. \u017bycie traktowali\u015bmy cz\u0119\u015bciej na weso\u0142o ni\u017c powa\u017cnie i dzi\u0119ki wrodzonemu instynktowi przetrwania nie przegrywali\u015bmy, a je\u015bli \u2013 to tylko na kr\u00f3tko.<\/span><\/p>\n<p><span style=\"font-weight: 400;\">Rzeczy trudne wykonywali\u015bmy od razu, a niemo\u017cliwe zajmowa\u0142y nam troch\u0119 wi\u0119cej czasu.<\/span><\/p>\n<p><span style=\"font-weight: 400;\">Jasiu, do zobaczenia, lecz tym razem nie jestem w stanie okre\u015bli\u0107, kiedy to nast\u0105pi. Trzymaj za mnie kciuki, bo w styczniu wybieram si\u0119 do Nowej Zelandii w Alpy Po\u0142udniowe, a to, jak wiesz, kawa\u0142 drogi.<\/span><\/p>\n<p><span style=\"font-weight: 400;\">Pa!<\/span><\/p>\n<p><span style=\"font-weight: 400;\">Krzysiek Studzi\u0144ski &#8211; \u017baba<\/span><\/p>\n","protected":false},"excerpt":{"rendered":"<p>11 listopada 2015 &nbsp; Jasiu Kochany! Po raz pierwszy pisz\u0119 do kogo\u015b, kogo nie ma fizycznie w\u015br\u00f3d nas. To ju\u017c druga jesie\u0144 bez Ciebie. Te weso\u0142e pi\u0105tki przy winku pe\u0142ne najrozmaitszych wizji na rozwi\u0105zywanie naszych \u017cyciowych problem\u00f3w pozosta\u0142y wspomnieniami. A&#8230; <a class=\"more-link\" href=\"https:\/\/www.janbartys.pl\/index.php\/w-pamieci-przyjaciol\/list-przyjaciela\/\">Continue Reading &rarr;<\/a><\/p>\n","protected":false},"author":1,"featured_media":0,"parent":69,"menu_order":0,"comment_status":"closed","ping_status":"closed","template":"","meta":{"footnotes":""},"_links":{"self":[{"href":"https:\/\/www.janbartys.pl\/index.php\/wp-json\/wp\/v2\/pages\/291"}],"collection":[{"href":"https:\/\/www.janbartys.pl\/index.php\/wp-json\/wp\/v2\/pages"}],"about":[{"href":"https:\/\/www.janbartys.pl\/index.php\/wp-json\/wp\/v2\/types\/page"}],"author":[{"embeddable":true,"href":"https:\/\/www.janbartys.pl\/index.php\/wp-json\/wp\/v2\/users\/1"}],"replies":[{"embeddable":true,"href":"https:\/\/www.janbartys.pl\/index.php\/wp-json\/wp\/v2\/comments?post=291"}],"version-history":[{"count":1,"href":"https:\/\/www.janbartys.pl\/index.php\/wp-json\/wp\/v2\/pages\/291\/revisions"}],"predecessor-version":[{"id":292,"href":"https:\/\/www.janbartys.pl\/index.php\/wp-json\/wp\/v2\/pages\/291\/revisions\/292"}],"up":[{"embeddable":true,"href":"https:\/\/www.janbartys.pl\/index.php\/wp-json\/wp\/v2\/pages\/69"}],"wp:attachment":[{"href":"https:\/\/www.janbartys.pl\/index.php\/wp-json\/wp\/v2\/media?parent=291"}],"curies":[{"name":"wp","href":"https:\/\/api.w.org\/{rel}","templated":true}]}}