{"id":269,"date":"2015-09-29T21:41:33","date_gmt":"2015-09-29T21:41:33","guid":{"rendered":"http:\/\/fifpkgld66ad.az.pl\/wp\/?page_id=269"},"modified":"2015-09-29T21:44:05","modified_gmt":"2015-09-29T21:44:05","slug":"aniska-trammer","status":"publish","type":"page","link":"https:\/\/www.janbartys.pl\/index.php\/w-pamieci-przyjaciol\/aniska-trammer\/","title":{"rendered":"Papierosy"},"content":{"rendered":"<p>U Janka na pierwszy plan w mojej pami\u0119ci przebija si\u0119 jego charakterystyczny, niepowtarzalny, d\u017awi\u0119czny, mocny g\u0142os. Cz\u0142owieka, dla kt\u00f3rego nie ma trudnych rzeczy, i kt\u00f3ry wszystkim jest zainteresowany. Mia\u0142 pasje, interesowa\u0142 si\u0119 histori\u0105, co przebija\u0142o si\u0119 w bardzo ciekawych rozmowach z nim. Charakterystyczne by\u0142o jego zapalanie papierosa zapalniczk\u0105 na kamie\u0144, kt\u00f3r\u0105 pociera\u0142 o udo. Bo niestety du\u017co pali\u0142, ale wtedy wszyscy palili papierochy. Zawsze kto\u015b go odwiedza\u0142, a na jego imieninach gromadzi\u0142y si\u0119 t\u0142umy, bo ludzie autentycznie go potrzebowali i lgn\u0119li do niego. W miar\u0119 swoich mo\u017cliwo\u015bci by\u0142 zaradny i nie oczekiwa\u0142 pomocy.<\/p>\n<p>Ani\u015bka Trammer<\/p>\n","protected":false},"excerpt":{"rendered":"<p>U Janka na pierwszy plan w mojej pami\u0119ci przebija si\u0119 jego charakterystyczny, niepowtarzalny, d\u017awi\u0119czny, mocny g\u0142os. Cz\u0142owieka, dla kt\u00f3rego nie ma trudnych rzeczy, i kt\u00f3ry wszystkim jest zainteresowany. Mia\u0142 pasje, interesowa\u0142 si\u0119 histori\u0105, co przebija\u0142o si\u0119 w bardzo ciekawych rozmowach&#8230; <a class=\"more-link\" href=\"https:\/\/www.janbartys.pl\/index.php\/w-pamieci-przyjaciol\/aniska-trammer\/\">Continue Reading &rarr;<\/a><\/p>\n","protected":false},"author":1,"featured_media":0,"parent":69,"menu_order":0,"comment_status":"closed","ping_status":"closed","template":"","meta":{"footnotes":""},"_links":{"self":[{"href":"https:\/\/www.janbartys.pl\/index.php\/wp-json\/wp\/v2\/pages\/269"}],"collection":[{"href":"https:\/\/www.janbartys.pl\/index.php\/wp-json\/wp\/v2\/pages"}],"about":[{"href":"https:\/\/www.janbartys.pl\/index.php\/wp-json\/wp\/v2\/types\/page"}],"author":[{"embeddable":true,"href":"https:\/\/www.janbartys.pl\/index.php\/wp-json\/wp\/v2\/users\/1"}],"replies":[{"embeddable":true,"href":"https:\/\/www.janbartys.pl\/index.php\/wp-json\/wp\/v2\/comments?post=269"}],"version-history":[{"count":2,"href":"https:\/\/www.janbartys.pl\/index.php\/wp-json\/wp\/v2\/pages\/269\/revisions"}],"predecessor-version":[{"id":271,"href":"https:\/\/www.janbartys.pl\/index.php\/wp-json\/wp\/v2\/pages\/269\/revisions\/271"}],"up":[{"embeddable":true,"href":"https:\/\/www.janbartys.pl\/index.php\/wp-json\/wp\/v2\/pages\/69"}],"wp:attachment":[{"href":"https:\/\/www.janbartys.pl\/index.php\/wp-json\/wp\/v2\/media?parent=269"}],"curies":[{"name":"wp","href":"https:\/\/api.w.org\/{rel}","templated":true}]}}