{"id":258,"date":"2015-09-28T19:42:04","date_gmt":"2015-09-28T19:42:04","guid":{"rendered":"http:\/\/fifpkgld66ad.az.pl\/wp\/?page_id=258"},"modified":"2015-09-28T20:26:25","modified_gmt":"2015-09-28T20:26:25","slug":"podworko","status":"publish","type":"page","link":"https:\/\/www.janbartys.pl\/index.php\/w-pamieci-przyjaciol\/podworko\/","title":{"rendered":"Podw\u00f3rko"},"content":{"rendered":"<p>By\u0142em s\u0105siadem Janka. Przez ca\u0142e \u017cycie mieszka\u0142 dwie ulice dalej. Najdawniejsze wspomnienie o Nim mam z pradziej\u00f3w kr\u00f3tko po \u015bmierci Stalina, gdy byli\u015bmy dzie\u0107mi, a ja go jeszcze osobi\u015bcie nie zna\u0142em.<\/p>\n<p>W naszej\u00a0 okolicy, i pewnie nie tylko w naszej, dzieci z r\u00f3\u017cnych\u00a0 podw\u00f3rek toczy\u0142y ze sob\u0105 wojny. Polega\u0142y one mi\u0119dzy innymi na rzucaniu kamieniami, zdobywaniu wrogiego podw\u00f3rka, atakach biegiem i ucieczkach biegiem.<\/p>\n<p>Raz czy dwa moje podw\u00f3rko star\u0142o si\u0119 z podw\u00f3rkiem Jasia. Wtedy zaskoczeni stwierdzili\u015bmy, \u017ce wodzem tamtego podw\u00f3rka by\u0142 w\u0142a\u015bnie Janek \u2013 ju\u017c sparali\u017cowany. Przemieszcza\u0142 si\u0119 p\u0119dem na w\u00f3zku, nie w\u00f3zku inwalidzkim \u2013 wtedy by\u0142y one rzadko\u015bci\u0105, lecz na starym w\u00f3zku dzieci\u0119cym, kt\u00f3ry ci\u0105gn\u0119\u0142o dw\u00f3ch ch\u0142opc\u00f3w, pe\u0142ni\u0105cych rol\u0119 koni. P\u0119dzili niczym w\u015bciek\u0142a rozp\u0119dzona ruska trojka czy taczanka w czasie dzikich walk rewolucyjnych, w\u00f3zek niebezpiecznie podskakiwa\u0142 na kraw\u0119\u017cnikach. Janek gromkim jak na dziecko g\u0142osem dowodzi\u0142 swoim wojskiem.<\/p>\n<p>Po latach pomy\u015bla\u0142em, jak nies\u0142ychanie silne zdolno\u015bci przyw\u00f3dcze, jak siln\u0105 charyzm\u0119 musia\u0142 mie\u0107 Janek Barty\u015b, skoro zosta\u0142 dow\u00f3dc\u0105 podw\u00f3rka, i to w\u015br\u00f3d dzieci, gdzie zwykle ceni si\u0119 si\u0142\u0119 i sprawno\u015b\u0107.<\/p>\n<p><em>Jerzy Trammer<\/em><\/p>\n","protected":false},"excerpt":{"rendered":"<p>By\u0142em s\u0105siadem Janka. Przez ca\u0142e \u017cycie mieszka\u0142 dwie ulice dalej. Najdawniejsze wspomnienie o Nim mam z pradziej\u00f3w kr\u00f3tko po \u015bmierci Stalina, gdy byli\u015bmy dzie\u0107mi, a ja go jeszcze osobi\u015bcie nie zna\u0142em. W naszej\u00a0 okolicy, i pewnie nie tylko w naszej,&#8230; <a class=\"more-link\" href=\"https:\/\/www.janbartys.pl\/index.php\/w-pamieci-przyjaciol\/podworko\/\">Continue Reading &rarr;<\/a><\/p>\n","protected":false},"author":1,"featured_media":0,"parent":69,"menu_order":0,"comment_status":"closed","ping_status":"closed","template":"","meta":{"footnotes":""},"_links":{"self":[{"href":"https:\/\/www.janbartys.pl\/index.php\/wp-json\/wp\/v2\/pages\/258"}],"collection":[{"href":"https:\/\/www.janbartys.pl\/index.php\/wp-json\/wp\/v2\/pages"}],"about":[{"href":"https:\/\/www.janbartys.pl\/index.php\/wp-json\/wp\/v2\/types\/page"}],"author":[{"embeddable":true,"href":"https:\/\/www.janbartys.pl\/index.php\/wp-json\/wp\/v2\/users\/1"}],"replies":[{"embeddable":true,"href":"https:\/\/www.janbartys.pl\/index.php\/wp-json\/wp\/v2\/comments?post=258"}],"version-history":[{"count":1,"href":"https:\/\/www.janbartys.pl\/index.php\/wp-json\/wp\/v2\/pages\/258\/revisions"}],"predecessor-version":[{"id":259,"href":"https:\/\/www.janbartys.pl\/index.php\/wp-json\/wp\/v2\/pages\/258\/revisions\/259"}],"up":[{"embeddable":true,"href":"https:\/\/www.janbartys.pl\/index.php\/wp-json\/wp\/v2\/pages\/69"}],"wp:attachment":[{"href":"https:\/\/www.janbartys.pl\/index.php\/wp-json\/wp\/v2\/media?parent=258"}],"curies":[{"name":"wp","href":"https:\/\/api.w.org\/{rel}","templated":true}]}}