{"id":246,"date":"2015-09-27T18:33:33","date_gmt":"2015-09-27T18:33:33","guid":{"rendered":"http:\/\/fifpkgld66ad.az.pl\/wp\/?page_id=246"},"modified":"2015-09-28T20:25:07","modified_gmt":"2015-09-28T20:25:07","slug":"umieranie","status":"publish","type":"page","link":"https:\/\/www.janbartys.pl\/index.php\/w-pamieci-przyjaciol\/umieranie\/","title":{"rendered":"Umieranie"},"content":{"rendered":"<p>Dowiedzia\u0142 si\u0119 miesi\u0105c wcze\u015bniej, kilka guz\u00f3w w g\u0142owie. Z cierpliwo\u015bci\u0105 do nie go nie podobn\u0105 s\u0142ucha\u0142 kolejnych rad i nowych pomys\u0142\u00f3w, chcia\u0142 by\u0107 mi\u0142y dla wszystkich. Wraz z zdobywaniem wiedzy coraz bardziej by\u0142 przekonany \u017ce walka nie ma sensu, przed\u0142u\u017cy mu \u017cycie najwy\u017cej o kilka miesi\u0119cy, co wi\u0119cej w szpitalu. O ile w domu potrafi\u0142 siebie obs\u0142u\u017cy\u0107 to w szpitalu by\u0142 bezradny jak dziecko. Powiedzia\u0142&#8221; kiedy\u015b trzeba umrze\u0107&#8221;, by\u0142 pogodzony jak \u017co\u0142nierz przed bitw\u0105. Poszed\u0142 do spowiedzi, dopiero wtedy zrozumia\u0142em jak wa\u017cna jest wiara i to nasza wiara w Jezusa Chrystusa, kt\u00f3ra nigdy nie pot\u0119pia zawsze daje nadziej\u0119. Na trzy dni przed \u015bmierci\u0105 zaprosi\u0142 wszystkich przyjaci\u00f3\u0142 na wie\u015b by\u0142, szcz\u0119\u015bliwy pokazywa\u0142 swoje ulubione miejsca tryska\u0142 humorem. Gdy wyjechali ostatni go\u015bcie, przesta\u0142 je\u015b\u0107, my\u015bl\u0119 \u017ce zacz\u0105\u0142 si\u0119 modli\u0107 o \u015bmier\u0107. Rano poprosi\u0142 o ksi\u0119dza, by\u0142o \u017ale, kl\u0119kn\u0105\u0142em przy \u0142\u00f3\u017cku i us\u0142ysza\u0142em &#8222;pom\u00f3dl si\u0119, pom\u00f3dl si\u0119 \u017cebym teraz umar\u0142 &#8222;zacz\u0105\u0142 coraz wolniej oddycha\u0107 i odszed\u0142 tam gdzie jak m\u00f3wi\u0142 nie b\u0119dzie w\u00f3zka i znowu pobiega .<\/p>\n","protected":false},"excerpt":{"rendered":"<p>Dowiedzia\u0142 si\u0119 miesi\u0105c wcze\u015bniej, kilka guz\u00f3w w g\u0142owie. Z cierpliwo\u015bci\u0105 do nie go nie podobn\u0105 s\u0142ucha\u0142 kolejnych rad i nowych pomys\u0142\u00f3w, chcia\u0142 by\u0107 mi\u0142y dla wszystkich. Wraz z zdobywaniem wiedzy coraz bardziej by\u0142 przekonany \u017ce walka nie ma sensu, przed\u0142u\u017cy&#8230; <a class=\"more-link\" href=\"https:\/\/www.janbartys.pl\/index.php\/w-pamieci-przyjaciol\/umieranie\/\">Continue Reading &rarr;<\/a><\/p>\n","protected":false},"author":1,"featured_media":0,"parent":69,"menu_order":0,"comment_status":"closed","ping_status":"closed","template":"","meta":{"footnotes":""},"_links":{"self":[{"href":"https:\/\/www.janbartys.pl\/index.php\/wp-json\/wp\/v2\/pages\/246"}],"collection":[{"href":"https:\/\/www.janbartys.pl\/index.php\/wp-json\/wp\/v2\/pages"}],"about":[{"href":"https:\/\/www.janbartys.pl\/index.php\/wp-json\/wp\/v2\/types\/page"}],"author":[{"embeddable":true,"href":"https:\/\/www.janbartys.pl\/index.php\/wp-json\/wp\/v2\/users\/1"}],"replies":[{"embeddable":true,"href":"https:\/\/www.janbartys.pl\/index.php\/wp-json\/wp\/v2\/comments?post=246"}],"version-history":[{"count":3,"href":"https:\/\/www.janbartys.pl\/index.php\/wp-json\/wp\/v2\/pages\/246\/revisions"}],"predecessor-version":[{"id":252,"href":"https:\/\/www.janbartys.pl\/index.php\/wp-json\/wp\/v2\/pages\/246\/revisions\/252"}],"up":[{"embeddable":true,"href":"https:\/\/www.janbartys.pl\/index.php\/wp-json\/wp\/v2\/pages\/69"}],"wp:attachment":[{"href":"https:\/\/www.janbartys.pl\/index.php\/wp-json\/wp\/v2\/media?parent=246"}],"curies":[{"name":"wp","href":"https:\/\/api.w.org\/{rel}","templated":true}]}}